{"id":119,"date":"2018-03-17T19:13:30","date_gmt":"2018-03-17T18:13:30","guid":{"rendered":"http:\/\/serenita.pl\/?page_id=119"},"modified":"2018-03-26T17:44:01","modified_gmt":"2018-03-26T15:44:01","slug":"zareczyny-po-chrzescijansku","status":"publish","type":"page","link":"http:\/\/serenita.pl\/?page_id=119","title":{"rendered":"Zar\u0119czyny po chrze\u015bcija\u0144sku"},"content":{"rendered":"<h3>Chrze\u015bcija\u0144skie zar\u0119czyny na wz\u00f3r \u015awi\u0119tej Joanny<\/h3>\n<p>W parafii w Zag\u00f3rzu ko\u0142o Chrzanowa (diecezja krakowska) istnieje mo\u017cliwo\u015b\u0107 uroczystego rozpocz\u0119cia okresu narzecze\u0144stwa ze szczeg\u00f3lnym b\u0142ogos\u0142awie\u0144stwem Ko\u015bcio\u0142a i po\u015bwi\u0119ceniem pier\u015bcionka zar\u0119czynowego.<\/p>\n<p>Wystarczy jedynie wcze\u015bniejsze uzgodnienie z kap\u0142anem, kiedy takowe zar\u0119czyny b\u0119d\u0105 mia\u0142y miejsce. \/Nie s\u0105 konieczne \u017cadne dokumenty.\/ Um\u00f3wi\u0107 sie mo\u017cna np. dzwoni\u0105c na numer\u00a0<strong>502 338 832<\/strong>.<\/p>\n<p><strong>Dobrze jest tak\u017ce wcze\u015bniej zadba\u0107 o stan \u0142aski u\u015bwi\u0119caj\u0105cej, by w dniu zar\u0119czyn, prosz\u0105c o Bo\u017ce b\u0142ogos\u0142awie\u0144stwo, przyst\u0105pi\u0107 do Komunii \u015bwi\u0119tej w intencji ukochanego\/ukochanej.<\/strong><\/p>\n<p>Po zar\u0119czynach mo\u017cna sobie &#8222;strzeli\u0107&#8221; pami\u0105tkowe selfie ko\u0142o figury Gianny przed domem parafialnym w &#8222;Zau\u0142ku \u015awi\u0119tej Joanny&#8221;. Zapraszamy.<\/p>\n<p>Wi\u0119cej o chrze\u015bcija\u0144skich zar\u0119czynach znajdziemy na\u00a0<a href=\"http:\/\/www.parafiazagorze.pl\/\">www.parafiazagorze.pl<\/a>\u00a0w\u00a0zak\u0142adce \u201enarzecze\u0144stwo\u201d.<\/p>\n","protected":false},"excerpt":{"rendered":"<p>Chrze\u015bcija\u0144skie zar\u0119czyny na wz\u00f3r \u015awi\u0119tej Joanny W parafii w Zag\u00f3rzu ko\u0142o Chrzanowa (diecezja krakowska) istnieje mo\u017cliwo\u015b\u0107 uroczystego rozpocz\u0119cia okresu narzecze\u0144stwa ze szczeg\u00f3lnym b\u0142ogos\u0142awie\u0144stwem Ko\u015bcio\u0142a i po\u015bwi\u0119ceniem pier\u015bcionka zar\u0119czynowego. Wystarczy jedynie wcze\u015bniejsze uzgodnienie z kap\u0142anem, kiedy takowe zar\u0119czyny b\u0119d\u0105 mia\u0142y miejsce. \/Nie s\u0105 konieczne \u017cadne dokumenty.\/ Um\u00f3wi\u0107 sie mo\u017cna np. dzwoni\u0105c na numer\u00a0502 338 832. Dobrze jest tak\u017ce wcze\u015bniej zadba\u0107 o stan \u0142aski u\u015bwi\u0119caj\u0105cej, by w dniu zar\u0119czyn, prosz\u0105c o Bo\u017ce b\u0142ogos\u0142awie\u0144stwo, przyst\u0105pi\u0107 do Komunii \u015bwi\u0119tej w intencji ukochanego\/ukochanej. Po zar\u0119czynach&#8230;<\/p>\n<p class=\"read-more\"><a class=\"btn btn-default\" href=\"http:\/\/serenita.pl\/?page_id=119\"> Read More<span class=\"screen-reader-text\">  Read More<\/span><\/a><\/p>\n","protected":false},"author":2,"featured_media":0,"parent":0,"menu_order":0,"comment_status":"closed","ping_status":"closed","template":"","meta":[],"_links":{"self":[{"href":"http:\/\/serenita.pl\/index.php?rest_route=\/wp\/v2\/pages\/119"}],"collection":[{"href":"http:\/\/serenita.pl\/index.php?rest_route=\/wp\/v2\/pages"}],"about":[{"href":"http:\/\/serenita.pl\/index.php?rest_route=\/wp\/v2\/types\/page"}],"author":[{"embeddable":true,"href":"http:\/\/serenita.pl\/index.php?rest_route=\/wp\/v2\/users\/2"}],"replies":[{"embeddable":true,"href":"http:\/\/serenita.pl\/index.php?rest_route=%2Fwp%2Fv2%2Fcomments&post=119"}],"version-history":[{"count":3,"href":"http:\/\/serenita.pl\/index.php?rest_route=\/wp\/v2\/pages\/119\/revisions"}],"predecessor-version":[{"id":240,"href":"http:\/\/serenita.pl\/index.php?rest_route=\/wp\/v2\/pages\/119\/revisions\/240"}],"wp:attachment":[{"href":"http:\/\/serenita.pl\/index.php?rest_route=%2Fwp%2Fv2%2Fmedia&parent=119"}],"curies":[{"name":"wp","href":"https:\/\/api.w.org\/{rel}","templated":true}]}}