{"id":129,"date":"2018-03-17T19:18:55","date_gmt":"2018-03-17T18:18:55","guid":{"rendered":"http:\/\/serenita.pl\/?page_id=129"},"modified":"2026-01-20T10:36:13","modified_gmt":"2026-01-20T09:36:13","slug":"kontakt","status":"publish","type":"page","link":"http:\/\/serenita.pl\/?page_id=129","title":{"rendered":"Kontakt"},"content":{"rendered":"<p><strong>Stowarzyszenie Przyjaci\u00f3\u0142 \u015awi\u0119tej Joanny Beretty Molli<br \/>\n<\/strong>32-555 Zag\u00f3rze<br \/>\nul. Marsz. J. Pi\u0142sudskiego 147<br \/>\nNIP: 6812057625<br \/>\nKONTO: 16 87980002 0000 0021 1334 0001<br \/>\n<a href=\"mailto:stowarzyszenie@serenita.pl\">stowarzyszenie@serenita.pl<\/a><br \/>\ntel. +48 661 661 551<\/p>\n<h3>Napisz do nas<\/h3>\n<p>Zapoznaj si\u0119 z zak\u0142adk\u0105\u00a0<a href=\"http:\/\/serenita.pl\/?page_id=469\">Polityka prywatno\u015bci<\/a><\/p>\n<p><a href=\"https:\/\/goo.gl\/maps\/jQ1miozSY5u\" target=\"_blank\" rel=\"noopener noreferrer\">Na mapie<\/a><\/p>\n<p><a href=\"http:\/\/parafiazagorze.pl\/\" target=\"_blank\" rel=\"noopener noreferrer\">Strona parafii<\/a><\/p>\n","protected":false},"excerpt":{"rendered":"<p>Stowarzyszenie Przyjaci\u00f3\u0142 \u015awi\u0119tej Joanny Beretty Molli 32-555 Zag\u00f3rze ul. Marsz. J. Pi\u0142sudskiego 147 NIP: 6812057625 KONTO: 16 87980002 0000 0021 1334 0001 stowarzyszenie@serenita.pl tel. +48 661 661 551 Napisz do nas Zapoznaj si\u0119 z zak\u0142adk\u0105\u00a0Polityka prywatno\u015bci Na mapie Strona parafii<\/p>\n","protected":false},"author":2,"featured_media":0,"parent":0,"menu_order":0,"comment_status":"closed","ping_status":"closed","template":"","meta":[],"_links":{"self":[{"href":"http:\/\/serenita.pl\/index.php?rest_route=\/wp\/v2\/pages\/129"}],"collection":[{"href":"http:\/\/serenita.pl\/index.php?rest_route=\/wp\/v2\/pages"}],"about":[{"href":"http:\/\/serenita.pl\/index.php?rest_route=\/wp\/v2\/types\/page"}],"author":[{"embeddable":true,"href":"http:\/\/serenita.pl\/index.php?rest_route=\/wp\/v2\/users\/2"}],"replies":[{"embeddable":true,"href":"http:\/\/serenita.pl\/index.php?rest_route=%2Fwp%2Fv2%2Fcomments&post=129"}],"version-history":[{"count":12,"href":"http:\/\/serenita.pl\/index.php?rest_route=\/wp\/v2\/pages\/129\/revisions"}],"predecessor-version":[{"id":1155,"href":"http:\/\/serenita.pl\/index.php?rest_route=\/wp\/v2\/pages\/129\/revisions\/1155"}],"wp:attachment":[{"href":"http:\/\/serenita.pl\/index.php?rest_route=%2Fwp%2Fv2%2Fmedia&parent=129"}],"curies":[{"name":"wp","href":"https:\/\/api.w.org\/{rel}","templated":true}]}}