{"id":87,"date":"2018-03-17T17:55:29","date_gmt":"2018-03-17T16:55:29","guid":{"rendered":"http:\/\/serenita.pl\/?page_id=87"},"modified":"2024-07-08T12:42:29","modified_gmt":"2024-07-08T10:42:29","slug":"sms-z-rodzaca","status":"publish","type":"page","link":"http:\/\/serenita.pl\/?page_id=87","title":{"rendered":"SMS z rodz\u0105c\u0105"},"content":{"rendered":"<p><img loading=\"lazy\" class=\"alignnone size-full wp-image-135\" src=\"http:\/\/serenita.pl\/wp-content\/uploads\/2018\/03\/znacznik.png\" alt=\"\" width=\"20\" height=\"23\" \/>Drodzy czciciele \u015awi\u0119tej Joanny przypominamy o naszej inicjatywie modlitwy za wstawiennictwem \u015awi\u0119tej, kt\u00f3ra dotyczy kobiet w trudnym czasie wydawania na \u015bwiat nowego \u017bycia. Chcemy obj\u0105\u0107 modlitw\u0105 kobiety w czasie porodu. Ka\u017cda czcicielka lub kto\u015b z rodziny \u2013 je\u015bli zechce \u2013 mo\u017ce zg\u0142osi\u0107 rodz\u0105c\u0105 pod numerem telefonu: <strong>509\u00a0987\u00a0917<\/strong>, pisz\u0105c sms o tre\u015bci: \u201esms za rodz\u0105c\u0105\u201d i podaj\u0105c imi\u0119 kobiety. Cz\u0142onkowie Stowarzyszenia podejm\u0105 w\u00f3wczas \u201eszturm\u201d do nieba za kobiet\u0119 i Jej dziecko przez wstawiennictwo \u015aw. Joanny.<\/p>\n<p>Drodzy Czciciele \u015awi\u0119tej Joanny, poniewa\u017c pytacie o &#8222;SMS za rodz\u0105c\u0105&#8221; informujemy, \u017ce jest to nasza inicjatywa. Pomys\u0142 zrodzi\u0142 si\u0119 na modlitwie, wi\u0119c ufamy, \u017ce zadzia\u0142a\u0142 Duch \u015awi\u0119ty, a sama \u015awi\u0119ta Joanna &#8222;upomnia\u0142a&#8221; si\u0119 o to, i\u017c chce by\u0107 jeszcze patronk\u0105 rodz\u0105cych.<\/p>\n<p>Odbywa si\u0119 to w nast\u0119puj\u0105cy spos\u00f3b:<\/p>\n<ol>\n<li>Dostajemy SMS o tre\u015bci: SMS za rodz\u0105c\u0105 (i tu imi\u0119 kobiety) lub pro\u015bb\u0119 o modlitw\u0119 sformu\u0142owan\u0105\u00a0inaczej.<\/li>\n<li>SMS przesy\u0142any jest do cz\u0142onk\u00f3w Stowarzyszenia, Sympatyk\u00f3w (kt\u00f3rzy wyrazili wol\u0119 otrzymywania takich wiadomo\u015bci) i os\u00f3b nie zwi\u0105zanych ze Stowarzyszeniem w \u017caden spos\u00f3b, a kt\u00f3re tak\u017ce zapragn\u0119\u0142y takowe SMS-y dostawa\u0107.<\/li>\n<li>Odpisujemy nadawcy SMS-a, \u017ce podj\u0119li\u015bmy modlitw\u0119, z b\u0142ogos\u0142awie\u0144stwem by Joanna czuwa\u0142a i\u00a0wspiera\u0142a, wypraszaj\u0105c potrzebne \u0141aski.<\/li>\n<\/ol>\n<p>Nie mamy konkretnej modlitwy. Ka\u017cdy podejmuje osobi\u015bcie tak\u0105 form\u0119 jak\u0105 w danym momencie jest w stanie podj\u0105\u0107. W zale\u017cno\u015bci od mo\u017cliwo\u015bci, mo\u017ce to by\u0107:<\/p>\n<p>* kr\u00f3tkie &#8222;westchnienie&#8221; do Boga przez wstawiennictwo \u015awi\u0119tej Joanny;<\/p>\n<p>* dowolna kr\u00f3tka modlitwa;<\/p>\n<p>* dla tych kt\u00f3rzy maj\u0105 mo\u017cliwo\u015b\u0107 dziesi\u0105tka lub cz\u0119\u015b\u0107 r\u00f3\u017ca\u0144ca \u015bwi\u0119tego;<\/p>\n<p>* koronka;<\/p>\n<p>* ofiarowanie Mszy \u015bw. i Komunii;<\/p>\n<p>* modlitwa prac\u0105;<\/p>\n<p>* a nawet ofiarowanie cierpienia lub trudu.<\/p>\n<p>Zatem nie trzeba by\u0107 Cz\u0142onkiem ani te\u017c Sympatykiem Stowarzyszenia, \u017ceby wzi\u0105\u0107 udzia\u0142 w akcji modlitewnej. Dla zainteresowanych \u2013 wystarczy wys\u0142a\u0107 SMS-a z informacj\u0105, \u017ce chce si\u0119 przy\u0142\u0105czy\u0107 do modl\u0105cych si\u0119 w tych intencjach, poda\u0107 imi\u0119 i nazwisko oraz numer telefonu, na kt\u00f3ry SMS-y maj\u0105 by\u0107 wysy\u0142ane. Jedyny warunek dobra wola i gotowo\u015b\u0107 do modlitwy!<\/p>\n<p><strong>Prosimy, aby w &#8222;sms za rodz\u0105c\u0105&#8221; przesy\u0142a\u0107 jedynie intencje dotycz\u0105ce rodz\u0105cych i te tzw. &#8222;oko\u0142oporodowe&#8221;. Pozosta\u0142e intencje (je\u015bli takowe si\u0119 zdarz\u0105), zamieszczane b\u0119d\u0105 na stronie w zak\u0142adce &#8222;intencje modlitewne&#8221;. Dzi\u0119kujemy za zrozumienie.<\/strong><\/p>\n<p>Modl\u0105cy si\u0119 to:<\/p>\n<p><strong>Cz\u0142onkowie Stowarzyszenia:<\/strong><\/p>\n<p>dr Piotr G\u0105sior<\/p>\n<p>ks. mgr Bogdan Sarniak<\/p>\n<p>S. Carla Mendoza<\/p>\n<p>Adamek Adam<\/p>\n<p>Adamek Emilia<\/p>\n<p>Gi\u0105d\u0142a Jacek<\/p>\n<p>Harkabuz Jadwiga<\/p>\n<p>Korgol Anna<\/p>\n<p>Korgol Dariusz<\/p>\n<p>Kowalik Katarzyna<\/p>\n<p>Krzyszkowska Agnieszka<\/p>\n<p>Krzyszkowski Miros\u0142aw<\/p>\n<p>Mr\u00f3z Katarzyna<\/p>\n<p>Sarniak Anna<\/p>\n<p>Sarniak Jacek<\/p>\n<p>Sarniak Monika<\/p>\n<p>Sowa El\u017cbieta<\/p>\n<p>Stanek Magdalena<\/p>\n<p>Stanek S\u0142awomir<\/p>\n<p>Sterkowicz Jadwiga<\/p>\n<p>Sterkowicz Maksymilian<\/p>\n<p>Sukiennik Barbara<\/p>\n<p>Sukiennik Piotr<\/p>\n<p>\u015alusarczyk Ma\u0142gorzata<\/p>\n<p>\u015alusarczyk Zbigniew<\/p>\n<p>Walczak Krystyna<\/p>\n<p><strong>Sympatycy:<\/strong><\/p>\n<p>Ks. Radziszewski Stefan<\/p>\n<p>S. Aneta Sztaba<\/p>\n<p>Fila Anna<\/p>\n<p>Go\u015bci\u0144ska Aleksandra<\/p>\n<p>Ignaczak Irena<\/p>\n<p>Jesiotr Edyta<\/p>\n<p>Le\u015bniowska &#8211; Pabian Magdalena<\/p>\n<p>Loza Ma\u0142gorzata<\/p>\n<p>Michalak Beata<\/p>\n<p>Pabian Bart\u0142omiej<\/p>\n<p><strong>Inne osoby:<\/strong><\/p>\n<p>S. Gra\u017cyna Mr\u00f3z<\/p>\n<p>S. Iwona Piela<\/p>\n<p>Bartkowiak Justyna<\/p>\n<p>Bogusz Anna<\/p>\n<p>Boraty\u0144ska Weronika<\/p>\n<p>Borz\u0119cka Dorota<\/p>\n<p>Bujnarowska Amelia<\/p>\n<p>Bujnarowski Karol<\/p>\n<p>Ceka\u0142a Roma<\/p>\n<p>Cili\u0144ska Barbara<\/p>\n<p>Chalastra Dorota<\/p>\n<p>D\u0105browska Zofia<\/p>\n<p>Diurczak Aneta<\/p>\n<p>Dudek Ma\u0142gorzata<\/p>\n<p>Go\u0142y Izabela<\/p>\n<p>Grabelus Aniela<\/p>\n<p>Grabo\u015b Anna<\/p>\n<p>Gracz Agnieszka<\/p>\n<p>Gregier Joanna<\/p>\n<p>Grzeszczak Dorota<\/p>\n<p>Izbicka Magdalena<\/p>\n<p>Janczura Ewa<\/p>\n<p>Ka\u017amirowa Vita<\/p>\n<p>Klemczak Joanna<\/p>\n<p>Klosi\u0144ska Maria<\/p>\n<p>Koralewski Daniel<\/p>\n<p>Kostecki Filip<\/p>\n<p>Kowalik Katarzyna<\/p>\n<p>Kowalska Joanna<\/p>\n<p>Krzeszowska Maria<\/p>\n<p>Kulik Faustyna<\/p>\n<p>Kulik \u0141ukasz<\/p>\n<p>Kulmaczewska Teresa<\/p>\n<p>Kunikowska Marta<\/p>\n<p>Kupiec Aleksandra<\/p>\n<p>Kwiatkowska Bo\u017cena<\/p>\n<p>Lusnia Monika<\/p>\n<p>\u0141askarzewska Alina<\/p>\n<p>Makuch Katarzyna<\/p>\n<p>Mazur Joanna<\/p>\n<p>Micha\u0142owska Maria\u00a0<\/p>\n<p>Miko\u0142ajczak Ma\u0142gorzata<\/p>\n<p>Mor\u0105g Helena<\/p>\n<p>Motak Jolanta<\/p>\n<p>Mrozek Barbara<\/p>\n<p>Nasi\u0142owska Teresa<\/p>\n<p>Nitka Beata<\/p>\n<p>Ni\u017cniowska Martyna<\/p>\n<p>Nowicka Maria<\/p>\n<p>Nowi\u0144ska Anna<\/p>\n<p>Olszewska Monika<\/p>\n<p>Or\u0142owska El\u017cbieta<\/p>\n<p>Pacek Barbara<\/p>\n<p>Piwowarczyk Teresa<\/p>\n<p>Przyby\u0142ek Agata<\/p>\n<p>Roweczyn Katarzyna<\/p>\n<p>Stolarz Ewa<\/p>\n<p>Suszka Ma\u0142gorzata<\/p>\n<p>Synowiec Agata<\/p>\n<p>Szlachta Amelia<\/p>\n<p>Szczerba Maria<\/p>\n<p>Szpilska Bogus\u0142awa<\/p>\n<p>Szpunar Zofia<\/p>\n<p>\u015anie\u017cek Ewa<\/p>\n<p>Tim Beata<\/p>\n<p>Warpecha Maciej<\/p>\n<p>Wielowska El\u017cbieta<\/p>\n<p>Wierczek Gra\u017cyna<\/p>\n<p>Wilczy\u0144ska Teresa<\/p>\n<p>Wojciechowska Paulina<\/p>\n<p>Wojciechowska &#8211; Szlachta Anna<\/p>\n<p>Wo\u017aniak Dorota<\/p>\n<p>W\u00f3jcik Beata i Weronika<\/p>\n<p>Wrona Agnieszka<\/p>\n<p>Zarzycka &#8211; Nowak Jolanta<\/p>\n<p>Zdulska Monika<\/p>\n<p>\u0179ra\u0142ko El\u017cbieta<\/p>\n<p><strong>oraz Anonimowo (3 osoby)<\/strong><\/p>\n\n\n<p><\/p>\n","protected":false},"excerpt":{"rendered":"<p>Drodzy czciciele \u015awi\u0119tej Joanny przypominamy o naszej inicjatywie modlitwy za wstawiennictwem \u015awi\u0119tej, kt\u00f3ra dotyczy kobiet w trudnym czasie wydawania na \u015bwiat nowego \u017bycia. Chcemy obj\u0105\u0107 modlitw\u0105 kobiety w czasie porodu. Ka\u017cda czcicielka lub kto\u015b z rodziny \u2013 je\u015bli zechce \u2013 mo\u017ce zg\u0142osi\u0107 rodz\u0105c\u0105 pod numerem telefonu: 509\u00a0987\u00a0917, pisz\u0105c sms o tre\u015bci: \u201esms za rodz\u0105c\u0105\u201d i podaj\u0105c imi\u0119 kobiety. Cz\u0142onkowie Stowarzyszenia podejm\u0105 w\u00f3wczas \u201eszturm\u201d do nieba za kobiet\u0119 i Jej dziecko przez wstawiennictwo \u015aw. Joanny. Drodzy Czciciele \u015awi\u0119tej Joanny, poniewa\u017c pytacie&#8230;<\/p>\n<p class=\"read-more\"><a class=\"btn btn-default\" href=\"http:\/\/serenita.pl\/?page_id=87\"> Read More<span class=\"screen-reader-text\">  Read More<\/span><\/a><\/p>\n","protected":false},"author":2,"featured_media":0,"parent":0,"menu_order":0,"comment_status":"closed","ping_status":"closed","template":"","meta":[],"_links":{"self":[{"href":"http:\/\/serenita.pl\/index.php?rest_route=\/wp\/v2\/pages\/87"}],"collection":[{"href":"http:\/\/serenita.pl\/index.php?rest_route=\/wp\/v2\/pages"}],"about":[{"href":"http:\/\/serenita.pl\/index.php?rest_route=\/wp\/v2\/types\/page"}],"author":[{"embeddable":true,"href":"http:\/\/serenita.pl\/index.php?rest_route=\/wp\/v2\/users\/2"}],"replies":[{"embeddable":true,"href":"http:\/\/serenita.pl\/index.php?rest_route=%2Fwp%2Fv2%2Fcomments&post=87"}],"version-history":[{"count":76,"href":"http:\/\/serenita.pl\/index.php?rest_route=\/wp\/v2\/pages\/87\/revisions"}],"predecessor-version":[{"id":1152,"href":"http:\/\/serenita.pl\/index.php?rest_route=\/wp\/v2\/pages\/87\/revisions\/1152"}],"wp:attachment":[{"href":"http:\/\/serenita.pl\/index.php?rest_route=%2Fwp%2Fv2%2Fmedia&parent=87"}],"curies":[{"name":"wp","href":"https:\/\/api.w.org\/{rel}","templated":true}]}}