{"id":914,"date":"2021-07-12T12:43:54","date_gmt":"2021-07-12T10:43:54","guid":{"rendered":"http:\/\/serenita.pl\/?page_id=914"},"modified":"2026-04-17T22:55:14","modified_gmt":"2026-04-17T20:55:14","slug":"zachwycone","status":"publish","type":"page","link":"http:\/\/serenita.pl\/?page_id=914","title":{"rendered":"Medytacje"},"content":{"rendered":"\n<div class=\"wp-block-buttons is-content-justification-center\">\n<div class=\"wp-block-button is-style-outline\"><a class=\"wp-block-button__link has-text-color has-background\" style=\"border-radius:2px;background-color:#ba0c49;color:#fffffa\">Litania do Naj\u015bwi\u0119tszej My\u015bli Pana Jezusa <\/a><\/div>\n<\/div>\n\n\n\n<p><\/p>\n","protected":false},"excerpt":{"rendered":"","protected":false},"author":2,"featured_media":1160,"parent":0,"menu_order":0,"comment_status":"closed","ping_status":"closed","template":"","meta":[],"_links":{"self":[{"href":"http:\/\/serenita.pl\/index.php?rest_route=\/wp\/v2\/pages\/914"}],"collection":[{"href":"http:\/\/serenita.pl\/index.php?rest_route=\/wp\/v2\/pages"}],"about":[{"href":"http:\/\/serenita.pl\/index.php?rest_route=\/wp\/v2\/types\/page"}],"author":[{"embeddable":true,"href":"http:\/\/serenita.pl\/index.php?rest_route=\/wp\/v2\/users\/2"}],"replies":[{"embeddable":true,"href":"http:\/\/serenita.pl\/index.php?rest_route=%2Fwp%2Fv2%2Fcomments&post=914"}],"version-history":[{"count":15,"href":"http:\/\/serenita.pl\/index.php?rest_route=\/wp\/v2\/pages\/914\/revisions"}],"predecessor-version":[{"id":1180,"href":"http:\/\/serenita.pl\/index.php?rest_route=\/wp\/v2\/pages\/914\/revisions\/1180"}],"wp:featuredmedia":[{"embeddable":true,"href":"http:\/\/serenita.pl\/index.php?rest_route=\/wp\/v2\/media\/1160"}],"wp:attachment":[{"href":"http:\/\/serenita.pl\/index.php?rest_route=%2Fwp%2Fv2%2Fmedia&parent=914"}],"curies":[{"name":"wp","href":"https:\/\/api.w.org\/{rel}","templated":true}]}}